{"id":499,"date":"2023-02-12T10:18:48","date_gmt":"2023-02-12T09:18:48","guid":{"rendered":"https:\/\/industriereifen24.de\/?page_id=499"},"modified":"2023-04-03T10:14:13","modified_gmt":"2023-04-03T08:14:13","slug":"impressum","status":"publish","type":"page","link":"https:\/\/www.reifen-meisen.de\/?page_id=499","title":{"rendered":"Impressum"},"content":{"rendered":"\n<div class=\"wp-block-group is-layout-constrained wp-block-group-is-layout-constrained\">\n<div class=\"wp-block-columns is-layout-flex wp-container-core-columns-is-layout-28f84493 wp-block-columns-is-layout-flex\">\n<div class=\"wp-block-column is-layout-flow wp-block-column-is-layout-flow\" style=\"flex-basis:15%\"><div class=\"aligncenter wp-block-site-logo\"><a href=\"https:\/\/www.reifen-meisen.de\/\" class=\"custom-logo-link\" rel=\"home\"><img loading=\"lazy\" decoding=\"async\" width=\"160\" height=\"54\" src=\"https:\/\/www.reifen-meisen.de\/wp-content\/uploads\/2022\/10\/400dpiLogoCropped.png\" class=\"custom-logo\" alt=\"Reifen und R\u00e4derStore\" srcset=\"https:\/\/www.reifen-meisen.de\/wp-content\/uploads\/2022\/10\/400dpiLogoCropped.png 2593w, https:\/\/www.reifen-meisen.de\/wp-content\/uploads\/2022\/10\/400dpiLogoCropped-300x102.png 300w, https:\/\/www.reifen-meisen.de\/wp-content\/uploads\/2022\/10\/400dpiLogoCropped-1024x349.png 1024w, https:\/\/www.reifen-meisen.de\/wp-content\/uploads\/2022\/10\/400dpiLogoCropped-768x262.png 768w, https:\/\/www.reifen-meisen.de\/wp-content\/uploads\/2022\/10\/400dpiLogoCropped-1536x524.png 1536w, https:\/\/www.reifen-meisen.de\/wp-content\/uploads\/2022\/10\/400dpiLogoCropped-2048x698.png 2048w\" sizes=\"auto, (max-width: 160px) 100vw, 160px\" \/><\/a><\/div><\/div>\n\n\n\n<div class=\"wp-block-column is-layout-flow wp-block-column-is-layout-flow\" style=\"flex-basis:85%\"><div id=\"mega-menu-wrap-primary\" class=\"mega-menu-wrap\"><div class=\"mega-menu-toggle\"><div class=\"mega-toggle-blocks-left\"><\/div><div class=\"mega-toggle-blocks-center\"><\/div><div class=\"mega-toggle-blocks-right\"><div class='mega-toggle-block mega-menu-toggle-animated-block mega-toggle-block-0' id='mega-toggle-block-0'><button aria-label=\"Toggle Menu\" class=\"mega-toggle-animated mega-toggle-animated-slider\" type=\"button\" aria-haspopup=\"true\" aria-expanded=\"false\" aria-controls=\"mega-menu-primary\">\n                  <span class=\"mega-toggle-animated-box\">\n                    <span class=\"mega-toggle-animated-inner\"><\/span>\n                  <\/span>\n                <\/button><\/div><\/div><\/div><ul id=\"mega-menu-primary\" class=\"mega-menu max-mega-menu mega-menu-horizontal mega-no-js\" data-event=\"hover_intent\" data-effect=\"fade_up\" data-effect-speed=\"200\" data-effect-mobile=\"disabled\" data-effect-speed-mobile=\"0\" data-mobile-force-width=\"false\" data-second-click=\"go\" data-document-click=\"collapse\" data-vertical-behaviour=\"standard\" data-breakpoint=\"768\" data-unbind=\"true\" data-mobile-state=\"collapse_all\" data-mobile-direction=\"vertical\" data-hover-intent-timeout=\"300\" data-hover-intent-interval=\"100\"><li class=\"mega-menu-item mega-menu-item-type-post_type mega-menu-item-object-page mega-menu-item-home mega-align-bottom-left mega-menu-flyout mega-menu-item-297\" id=\"mega-menu-item-297\"><a class=\"mega-menu-link\" href=\"https:\/\/www.reifen-meisen.de\/\">Home<\/a><\/li><li class=\"mega-menu-item mega-menu-item-type-post_type mega-menu-item-object-page mega-align-bottom-left mega-menu-flyout mega-menu-item-301\" id=\"mega-menu-item-301\"><a class=\"mega-menu-link\" href=\"https:\/\/www.reifen-meisen.de\/?page_id=119\">Termin vereinbaren<\/a><\/li><li class=\"mega-menu-item mega-menu-item-type-post_type mega-menu-item-object-page mega-align-bottom-left mega-menu-flyout mega-menu-item-298\" id=\"mega-menu-item-298\"><a class=\"mega-menu-link\" href=\"https:\/\/www.reifen-meisen.de\/?page_id=134\">Kontakt<\/a><\/li><li class=\"mega-menu-item mega-menu-item-type-post_type mega-menu-item-object-page mega-align-bottom-left mega-menu-flyout mega-menu-item-299\" id=\"mega-menu-item-299\"><a class=\"mega-menu-link\" href=\"https:\/\/www.reifen-meisen.de\/?page_id=46\">Kundenlogin<\/a><\/li><\/ul><\/div><\/div>\n<\/div>\n<\/div>\n\n\n\n<div class=\"wp-block-group is-layout-constrained wp-container-core-group-is-layout-a666d811 wp-block-group-is-layout-constrained\" style=\"padding-top:var(--wp--preset--spacing--40);padding-right:var(--wp--preset--spacing--40);padding-bottom:var(--wp--preset--spacing--40);padding-left:var(--wp--preset--spacing--40)\">\n<p>Impressum<\/p>\n\n\n\n<p class=\"has-medium-font-size\">Angaben gem\u00e4\u00df \u00a7 5 TMG:<\/p>\n\n\n\n<p class=\"has-medium-font-size\">Reifen und R\u00e4derStore GmbH<br>Schlagbaumer Str. 76-78<br>42653 Solingen<br>Vertreten durch:<br>Stefan Meisen<\/p>\n\n\n\n<p class=\"has-medium-font-size\">Kontakt:<br>Telefon: \u00a0\u00a0\u00a0 +49 (0) 212 546660<br>Telefax: \u00a0\u00a0\u00a0 +49 (0) 212 546658<br>E-Mail: \u00a0\u00a0\u00a0 info@reifen-meisen.de<br>Registereintrag:<\/p>\n\n\n\n<p class=\"has-medium-font-size\">Eintragung im Handelsregister.<br>Registergericht: Amtsgericht Wuppertal<br>Registernummer: HRB 26341<br>Umsatzsteuer-ID: DE298828487<\/p>\n\n\n\n<p class=\"has-medium-font-size\">Umsatzsteuer-Identifikationsnummer gem\u00e4\u00df \u00a727 a Umsatzsteuergesetz:<br>DE298828487<br>Verantwortlich f\u00fcr den Inhalt nach \u00a7 55 Abs. 2 RStV:<\/p>\n\n\n\n<p class=\"has-medium-font-size\">Stefan Meisen<br>Schlagbaumer Str. 76-78<br>42653 Solingen<\/p>\n\n\n\n<p><br><strong>Haftungsausschluss<\/strong><\/p>\n\n\n\n<p class=\"has-large-font-size\">Haftung f\u00fcr Inhalte<\/p>\n\n\n\n<p class=\"has-medium-font-size\">Als Diensteanbieter sind wir gem\u00e4\u00df \u00a7 7 Abs.1 TMG f\u00fcr eigene Inhalte auf diesen Seiten nach den allgemeinen Gesetzen verantwortlich. Nach \u00a7\u00a7 8 bis 10 TMG sind wir als Diensteanbieter jedoch nicht verpflichtet, \u00fcbermittelte oder gespeicherte fremde Informationen zu \u00fcberwachen oder nach Umst\u00e4nden zu forschen, die auf eine rechtswidrige T\u00e4tigkeit hinweisen.<\/p>\n\n\n\n<p class=\"has-medium-font-size\">Verpflichtungen zur Entfernung oder Sperrung der Nutzung von Informationen nach den allgemeinen Gesetzen bleiben hiervon unber\u00fchrt. Eine diesbez\u00fcgliche Haftung ist jedoch erst ab dem Zeitpunkt der Kenntnis einer konkreten Rechtsverletzung m\u00f6glich. Bei Bekanntwerden von entsprechenden Rechtsverletzungen werden wir diese Inhalte umgehend entfernen.<br>Haftung f\u00fcr Links<\/p>\n\n\n\n<p class=\"has-medium-font-size\">Unser Angebot enth\u00e4lt Links zu externen Webseiten Dritter, auf deren Inhalte wir keinen Einfluss haben. Deshalb k\u00f6nnen wir f\u00fcr diese fremden Inhalte auch keine Gew\u00e4hr \u00fcbernehmen. F\u00fcr die Inhalte der verlinkten Seiten ist stets der jeweilige Anbieter oder Betreiber der Seiten verantwortlich. Die verlinkten Seiten wurden zum Zeitpunkt der Verlinkung auf m\u00f6gliche Rechtsverst\u00f6\u00dfe \u00fcberpr\u00fcft. Rechtswidrige Inhalte waren zum Zeitpunkt der Verlinkung nicht erkennbar.<\/p>\n\n\n\n<p class=\"has-medium-font-size\">Eine permanente inhaltliche Kontrolle der verlinkten Seiten ist jedoch ohne konkrete Anhaltspunkte einer Rechtsverletzung nicht zumutbar. Bei Bekanntwerden von Rechtsverletzungen werden wir derartige Links umgehend entfernen.<br>Urheberrecht<\/p>\n\n\n\n<p class=\"has-medium-font-size\">Die durch die Seitenbetreiber erstellten Inhalte und Werke auf diesen Seiten unterliegen dem deutschen Urheberrecht. Die Vervielf\u00e4ltigung, Bearbeitung, Verbreitung und jede Art der Verwertung au\u00dferhalb der Grenzen des Urheberrechtes bed\u00fcrfen der schriftlichen Zustimmung des jeweiligen Autors bzw. Erstellers. Downloads und Kopien dieser Seite sind nur f\u00fcr den privaten, nicht kommerziellen Gebrauch gestattet.<\/p>\n\n\n\n<p class=\"has-medium-font-size\">Soweit die Inhalte auf dieser Seite nicht vom Betreiber erstellt wurden, werden die Urheberrechte Dritter beachtet. Insbesondere werden Inhalte Dritter als solche gekennzeichnet. Sollten Sie trotzdem auf eine Urheberrechtsverletzung aufmerksam werden, bitten wir um einen entsprechenden Hinweis. Bei Bekanntwerden von Rechtsverletzungen werden wir derartige Inhalte umgehend entfernen.<\/p>\n<\/div>\n\n\n\n<div class=\"wp-block-cover alignfull footer-section\"><span aria-hidden=\"true\" class=\"wp-block-cover__background has-black-background-color has-background-dim-80 has-background-dim\"><\/span><img loading=\"lazy\" decoding=\"async\" width=\"1920\" height=\"1080\" class=\"wp-block-cover__image-background wp-image-399\" alt=\"\" src=\"https:\/\/industriereifen24.de\/wp-content\/uploads\/2023\/02\/page_bg.jpg\" data-object-fit=\"cover\" srcset=\"https:\/\/www.reifen-meisen.de\/wp-content\/uploads\/2023\/02\/page_bg.jpg 1920w, https:\/\/www.reifen-meisen.de\/wp-content\/uploads\/2023\/02\/page_bg-300x169.jpg 300w, https:\/\/www.reifen-meisen.de\/wp-content\/uploads\/2023\/02\/page_bg-1024x576.jpg 1024w, https:\/\/www.reifen-meisen.de\/wp-content\/uploads\/2023\/02\/page_bg-768x432.jpg 768w, https:\/\/www.reifen-meisen.de\/wp-content\/uploads\/2023\/02\/page_bg-1536x864.jpg 1536w\" sizes=\"auto, (max-width: 1920px) 100vw, 1920px\" \/><div class=\"wp-block-cover__inner-container is-layout-flow wp-block-cover-is-layout-flow\">\n<div class=\"wp-block-group is-layout-flow wp-block-group-is-layout-flow\">\n<div class=\"wp-block-columns is-layout-flex wp-container-core-columns-is-layout-d7d455e7 wp-block-columns-is-layout-flex\" style=\"border-style:none;border-width:0px;padding-top:0;padding-right:0;padding-bottom:0;padding-left:0\">\n<div class=\"wp-block-column footer-box is-layout-flow wp-block-column-is-layout-flow\">\n<div style=\"height:60px\" aria-hidden=\"true\" class=\"wp-block-spacer\"><\/div>\n\n\n\n<p class=\"has-text-align-left has-white-color has-text-color has-link-color has-medium-font-size wp-elements-21feb72bcb24c4db0aa637e19c6cfbbf\"><strong>Telefon:<\/strong> 0212 &#8211; 546660<\/p>\n\n\n\n<p class=\"has-text-align-left has-white-color has-text-color has-link-color has-medium-font-size wp-elements-cabbe455b7cd9808c316237e565b609b\"><strong>Email:<\/strong> werkstatt@reifen-meisen.de<\/p>\n\n\n\n<p class=\"has-text-align-left has-medium-font-size\"><strong>Vor Ort<\/strong>: Schlagbaumer Stra\u00dfe 76-78 &#8211; 42653 Solingen<\/p>\n\n\n\n<p class=\"has-text-align-left has-medium-font-size\">Cronenberger Stra\u00dfe 75-79 &#8211; 42651 Solingen<\/p>\n\n\n\n<div class=\"wp-block-buttons is-layout-flex wp-block-buttons-is-layout-flex\">\n<div class=\"wp-block-button has-custom-font-size has-medium-font-size\"><a class=\"wp-block-button__link wp-element-button\" href=\"https:\/\/www.reifen-meisen.de\/?page_id=134\">Kontaktformular<\/a><\/div>\n<\/div>\n<\/div>\n\n\n\n<div class=\"wp-block-column footer-box is-layout-flow wp-block-column-is-layout-flow\">\n<div style=\"height:60px\" aria-hidden=\"true\" class=\"wp-block-spacer\"><\/div>\n\n\n\n<p class=\"has-text-align-center has-medium-font-size\"><strong>\u00d6ffnungszeiten Schlagbaumer Stra\u00dfe:<\/strong> <\/p>\n\n\n\n<p class=\"has-text-align-center has-medium-font-size\">Mo bis Fr 8:00 &#8211; 17:30 Uhr<\/p>\n\n\n\n<p class=\"has-text-align-center has-medium-font-size\">Samstag 9:00 -13:00 Uhr<\/p>\n\n\n\n<p class=\"has-text-align-center has-medium-font-size\"><strong>\u00d6ffnungszeiten Cronenberger Stra\u00dfe:<\/strong> <\/p>\n\n\n\n<p class=\"has-text-align-center has-medium-font-size\">Mo bis Fr 8:00 &#8211; 17:00 Uhr<\/p>\n<\/div>\n\n\n\n<div class=\"wp-block-column footer-box is-layout-flow wp-block-column-is-layout-flow\">\n<div style=\"height:60px\" aria-hidden=\"true\" class=\"wp-block-spacer\"><\/div>\n\n\n\n<p class=\"has-text-align-right has-white-color has-text-color has-link-color has-medium-font-size wp-elements-bfef6e411afc0c4642b311a1fe30b94b\"><a href=\"https:\/\/www.reifen-meisen.de\/?page_id=119\" data-type=\"page\" data-id=\"119\">Termin vereinbaren<\/a><\/p>\n\n\n\n<p class=\"has-text-align-right has-white-color has-text-color has-link-color has-medium-font-size wp-elements-29f6861b5127c4b2ab24af20ca8ef40b\"><a href=\"https:\/\/www.reifen-meisen.de\/?page_id=134\" data-type=\"page\" data-id=\"134\">Kontakt<\/a><\/p>\n\n\n\n<p class=\"has-text-align-right has-white-color has-text-color has-link-color has-medium-font-size wp-elements-dc8acc1b9244748d2a34e240984d4c4e\"><a href=\"https:\/\/www.reifen-meisen.de\/?page_id=493\" data-type=\"page\" data-id=\"493\">\u00dcber Uns<\/a><\/p>\n\n\n\n<p class=\"has-text-align-right has-white-color has-text-color has-link-color has-medium-font-size wp-elements-abe6f7084ab157f21432205908d31dd0\"><a href=\"https:\/\/www.reifen-meisen.de\/?page_id=3\" data-type=\"page\" data-id=\"3\">Datenschutz<\/a><\/p>\n\n\n\n<p class=\"has-text-align-right has-white-color has-text-color has-link-color has-medium-font-size wp-elements-8bde3cc908ae7a320879ba15cb1aa9e3\"><a href=\"https:\/\/www.reifen-meisen.de\/?page_id=499\" data-type=\"page\" data-id=\"499\">Impressum<\/a><\/p>\n<\/div>\n<\/div>\n<\/div>\n\n\n\n<div class=\"wp-block-columns copyright-section is-layout-flex wp-container-core-columns-is-layout-28f84493 wp-block-columns-is-layout-flex\">\n<div class=\"wp-block-column is-vertically-aligned-center is-layout-flow wp-block-column-is-layout-flow\" style=\"flex-basis:75%\">\n<p class=\"has-small-font-size\">\u00a0\u00a9 Copyright 2023 Reifen und R\u00e4derStore GmbH. All rights reserved. Service-Bilder wurden Designed by Macrovector.<\/p>\n<\/div>\n\n\n\n<div class=\"wp-block-column is-vertically-aligned-center is-layout-flow wp-block-column-is-layout-flow\" style=\"flex-basis:25%\"><\/div>\n<\/div>\n<\/div><\/div>\n","protected":false},"excerpt":{"rendered":"<p>Impressum Angaben gem\u00e4\u00df \u00a7 5 TMG: Reifen und R\u00e4derStore GmbHSchlagbaumer Str. 76-7842653 SolingenVertreten durch:Stefan Meisen [&hellip;]<\/p>\n","protected":false},"author":1,"featured_media":0,"parent":0,"menu_order":0,"comment_status":"closed","ping_status":"closed","template":"blank","meta":{"footnotes":""},"class_list":["post-499","page","type-page","status-publish","hentry"],"_links":{"self":[{"href":"https:\/\/www.reifen-meisen.de\/index.php?rest_route=\/wp\/v2\/pages\/499","targetHints":{"allow":["GET"]}}],"collection":[{"href":"https:\/\/www.reifen-meisen.de\/index.php?rest_route=\/wp\/v2\/pages"}],"about":[{"href":"https:\/\/www.reifen-meisen.de\/index.php?rest_route=\/wp\/v2\/types\/page"}],"author":[{"embeddable":true,"href":"https:\/\/www.reifen-meisen.de\/index.php?rest_route=\/wp\/v2\/users\/1"}],"replies":[{"embeddable":true,"href":"https:\/\/www.reifen-meisen.de\/index.php?rest_route=%2Fwp%2Fv2%2Fcomments&post=499"}],"version-history":[{"count":5,"href":"https:\/\/www.reifen-meisen.de\/index.php?rest_route=\/wp\/v2\/pages\/499\/revisions"}],"predecessor-version":[{"id":698,"href":"https:\/\/www.reifen-meisen.de\/index.php?rest_route=\/wp\/v2\/pages\/499\/revisions\/698"}],"wp:attachment":[{"href":"https:\/\/www.reifen-meisen.de\/index.php?rest_route=%2Fwp%2Fv2%2Fmedia&parent=499"}],"curies":[{"name":"wp","href":"https:\/\/api.w.org\/{rel}","templated":true}]}}