{"id":3,"date":"2022-09-26T13:53:31","date_gmt":"2022-09-26T13:53:31","guid":{"rendered":"http:\/\/industriereifen24.de\/?page_id=3"},"modified":"2023-03-21T02:17:02","modified_gmt":"2023-03-21T01:17:02","slug":"privacy-policy","status":"publish","type":"page","link":"https:\/\/www.reifen-meisen.de\/?page_id=3","title":{"rendered":"Privacy Policy"},"content":{"rendered":"\n<div class=\"wp-block-group is-layout-constrained wp-block-group-is-layout-constrained\">\n<div class=\"wp-block-columns is-layout-flex wp-container-core-columns-is-layout-28f84493 wp-block-columns-is-layout-flex\">\n<div class=\"wp-block-column is-layout-flow wp-block-column-is-layout-flow\" style=\"flex-basis:15%\"><div class=\"aligncenter wp-block-site-logo\"><a href=\"https:\/\/www.reifen-meisen.de\/\" class=\"custom-logo-link\" rel=\"home\"><img loading=\"lazy\" decoding=\"async\" width=\"160\" height=\"54\" src=\"https:\/\/www.reifen-meisen.de\/wp-content\/uploads\/2022\/10\/400dpiLogoCropped.png\" class=\"custom-logo\" alt=\"Reifen und R\u00e4derStore\" srcset=\"https:\/\/www.reifen-meisen.de\/wp-content\/uploads\/2022\/10\/400dpiLogoCropped.png 2593w, https:\/\/www.reifen-meisen.de\/wp-content\/uploads\/2022\/10\/400dpiLogoCropped-300x102.png 300w, https:\/\/www.reifen-meisen.de\/wp-content\/uploads\/2022\/10\/400dpiLogoCropped-1024x349.png 1024w, https:\/\/www.reifen-meisen.de\/wp-content\/uploads\/2022\/10\/400dpiLogoCropped-768x262.png 768w, https:\/\/www.reifen-meisen.de\/wp-content\/uploads\/2022\/10\/400dpiLogoCropped-1536x524.png 1536w, https:\/\/www.reifen-meisen.de\/wp-content\/uploads\/2022\/10\/400dpiLogoCropped-2048x698.png 2048w\" sizes=\"auto, (max-width: 160px) 100vw, 160px\" \/><\/a><\/div><\/div>\n\n\n\n<div class=\"wp-block-column is-layout-flow wp-block-column-is-layout-flow\" style=\"flex-basis:85%\"><div id=\"mega-menu-wrap-primary\" class=\"mega-menu-wrap\"><div class=\"mega-menu-toggle\"><div class=\"mega-toggle-blocks-left\"><\/div><div class=\"mega-toggle-blocks-center\"><\/div><div class=\"mega-toggle-blocks-right\"><div class='mega-toggle-block mega-menu-toggle-animated-block mega-toggle-block-0' id='mega-toggle-block-0'><button aria-label=\"Toggle Menu\" class=\"mega-toggle-animated mega-toggle-animated-slider\" type=\"button\" aria-haspopup=\"true\" aria-expanded=\"false\" aria-controls=\"mega-menu-primary\">\n                  <span class=\"mega-toggle-animated-box\">\n                    <span class=\"mega-toggle-animated-inner\"><\/span>\n                  <\/span>\n                <\/button><\/div><\/div><\/div><ul id=\"mega-menu-primary\" class=\"mega-menu max-mega-menu mega-menu-horizontal mega-no-js\" data-event=\"hover_intent\" data-effect=\"fade_up\" data-effect-speed=\"200\" data-effect-mobile=\"disabled\" data-effect-speed-mobile=\"0\" data-mobile-force-width=\"false\" data-second-click=\"go\" data-document-click=\"collapse\" data-vertical-behaviour=\"standard\" data-breakpoint=\"768\" data-unbind=\"true\" data-mobile-state=\"collapse_all\" data-mobile-direction=\"vertical\" data-hover-intent-timeout=\"300\" data-hover-intent-interval=\"100\"><li class=\"mega-menu-item mega-menu-item-type-post_type mega-menu-item-object-page mega-menu-item-home mega-align-bottom-left mega-menu-flyout mega-menu-item-297\" id=\"mega-menu-item-297\"><a class=\"mega-menu-link\" href=\"https:\/\/www.reifen-meisen.de\/\">Home<\/a><\/li><li class=\"mega-menu-item mega-menu-item-type-post_type mega-menu-item-object-page mega-align-bottom-left mega-menu-flyout mega-menu-item-301\" id=\"mega-menu-item-301\"><a class=\"mega-menu-link\" href=\"https:\/\/www.reifen-meisen.de\/?page_id=119\">Termin vereinbaren<\/a><\/li><li class=\"mega-menu-item mega-menu-item-type-post_type mega-menu-item-object-page mega-align-bottom-left mega-menu-flyout mega-menu-item-298\" id=\"mega-menu-item-298\"><a class=\"mega-menu-link\" href=\"https:\/\/www.reifen-meisen.de\/?page_id=134\">Kontakt<\/a><\/li><li class=\"mega-menu-item mega-menu-item-type-post_type mega-menu-item-object-page mega-align-bottom-left mega-menu-flyout mega-menu-item-299\" id=\"mega-menu-item-299\"><a class=\"mega-menu-link\" href=\"https:\/\/www.reifen-meisen.de\/?page_id=46\">Kundenlogin<\/a><\/li><\/ul><\/div><\/div>\n<\/div>\n<\/div>\n\n\n\n<div class=\"wp-block-group is-layout-constrained wp-block-group-is-layout-constrained\">\n<hr class=\"wp-block-separator has-alpha-channel-opacity\"\/>\n<\/div>\n\n\n\n<div class=\"wp-block-group is-layout-constrained wp-block-group-is-layout-constrained\">\n<div class=\"wp-block-columns is-layout-flex wp-container-core-columns-is-layout-28f84493 wp-block-columns-is-layout-flex\">\n<div class=\"wp-block-column is-layout-flow wp-block-column-is-layout-flow\" style=\"flex-basis:66.66%\">\n<p class=\"has-x-large-font-size\"><strong>Datenschutzerkl\u00e4rung<\/strong><\/p>\n\n\n\n<p class=\"has-large-font-size\"><strong>Allgemeiner Hinweis und Pflichtinformationen<\/strong><\/p>\n\n\n\n<p class=\"has-large-font-size\"><strong>Benennung der verantwortlichen Stelle<\/strong><\/p>\n\n\n\n<p class=\"has-medium-font-size\">Die verantwortliche Stelle f\u00fcr die Datenverarbeitung auf dieser Website ist:<\/p>\n\n\n\n<p class=\"has-medium-font-size\">Reifen und R\u00e4derStore GmbH<br>Herr Stefan Meisen<br>Cronenberger Stra\u00dfe 75 &#8211; 79<\/p>\n\n\n\n<p class=\"has-medium-font-size\">42651 Solingen<br><\/p>\n\n\n\n<p class=\"has-medium-font-size\">Die verantwortliche Stelle entscheidet allein oder gemeinsam mit anderen \u00fcber die Zwecke und Mittel der Verarbeitung von personenbezogenen Daten (z.B. Namen, Kontaktdaten o. \u00c4.).<\/p>\n\n\n\n<p class=\"has-large-font-size\"><strong>Widerruf Ihrer Einwilligung zur Datenverarbeitung<\/strong><\/p>\n\n\n\n<p class=\"has-medium-font-size\">Nur mit Ihrer ausdr\u00fccklichen Einwilligung sind einige Vorg\u00e4nge der Datenverarbeitung m\u00f6glich. Ein Widerruf Ihrer bereits erteilten Einwilligung ist jederzeit m\u00f6glich. F\u00fcr den Widerruf gen\u00fcgt eine formlose Mitteilung per E-Mail. Die Rechtm\u00e4\u00dfigkeit der bis zum Widerruf erfolgten Datenverarbeitung bleibt vom Widerruf unber\u00fchrt.<\/p>\n\n\n\n<p class=\"has-large-font-size\"><strong>Recht auf Beschwerde bei der zust\u00e4ndigen Aufsichtsbeh\u00f6rde<\/strong><\/p>\n\n\n\n<p class=\"has-medium-font-size\">Als Betroffener steht Ihnen im Falle eines datenschutzrechtlichen Versto\u00dfes ein Beschwerderecht bei der zust\u00e4ndigen Aufsichtsbeh\u00f6rde zu. Zust\u00e4ndige Aufsichtsbeh\u00f6rde bez\u00fcglich datenschutzrechtlicher Fragen ist der Landesdatenschutzbeauftragte des Bundeslandes, in dem sich der Sitz unseres Unternehmens befindet. Der folgende Link stellt eine Liste der Datenschutzbeauftragten sowie deren Kontaktdaten bereit: <a href=\"https:\/\/www.bfdi.bund.de\/DE\/Infothek\/Anschriften_Links\/anschriften_links-node.html\" target=\"_blank\" rel=\"noreferrer noopener\">https:\/\/www.bfdi.bund.de\/DE\/Infothek\/Anschriften_Links\/anschriften_links-node.html<\/a>.<\/p>\n\n\n\n<p class=\"has-large-font-size\"><strong>Recht auf Daten\u00fcbertragbarkeit<\/strong><\/p>\n\n\n\n<p class=\"has-medium-font-size\">Ihnen steht das Recht zu, Daten, die wir auf Grundlage Ihrer Einwilligung oder in Erf\u00fcllung eines Vertrags automatisiert verarbeiten, an sich oder an Dritte aush\u00e4ndigen zu lassen. Die Bereitstellung erfolgt in einem maschinenlesbaren Format. Sofern Sie die direkte \u00dcbertragung der Daten an einen anderen Verantwortlichen verlangen, erfolgt dies nur, soweit es technisch machbar ist.<\/p>\n\n\n\n<p class=\"has-large-font-size\"><strong>Recht auf Auskunft, Berichtigung, Sperrung, L\u00f6schung<\/strong><\/p>\n\n\n\n<p class=\"has-medium-font-size\">Sie haben jederzeit im Rahmen der geltenden gesetzlichen Bestimmungen das Recht auf unentgeltliche Auskunft \u00fcber Ihre gespeicherten personenbezogenen Daten, Herkunft der Daten, deren Empf\u00e4nger und den Zweck der Datenverarbeitung und ggf. ein Recht auf Berichtigung, Sperrung oder L\u00f6schung dieser Daten. Diesbez\u00fcglich und auch zu weiteren Fragen zum Thema personenbezogene Daten k\u00f6nnen Sie sich jederzeit \u00fcber die im Impressum aufgef\u00fchrten Kontaktm\u00f6glichkeiten an uns wenden.<\/p>\n\n\n\n<p class=\"has-large-font-size\"><strong>SSL- bzw. TLS-Verschl\u00fcsselung<\/strong><\/p>\n\n\n\n<p class=\"has-medium-font-size\">Aus Sicherheitsgr\u00fcnden und zum Schutz der \u00dcbertragung vertraulicher Inhalte, die Sie an uns als Seitenbetreiber senden, nutzt unsere Website eine SSL-bzw. TLS-Verschl\u00fcsselung. Damit sind Daten, die Sie \u00fcber diese Website \u00fcbermitteln, f\u00fcr Dritte nicht mitlesbar. Sie erkennen eine verschl\u00fcsselte Verbindung an der \u201ehttps:\/\/\u201c Adresszeile Ihres Browsers und am Schloss-Symbol in der Browserzeile.<\/p>\n\n\n\n<p class=\"has-large-font-size\"><strong>Server-Log-Dateien<\/strong><\/p>\n\n\n\n<p class=\"has-medium-font-size\">In Server-Log-Dateien erhebt und speichert der Provider der Website automatisch Informationen, die Ihr Browser automatisch an uns \u00fcbermittelt. Dies sind:<\/p>\n\n\n\n<p class=\"has-medium-font-size\">Besuchte Seite auf unserer Domain<\/p>\n\n\n\n<p class=\"has-medium-font-size\">Datum und Uhrzeit der Serveranfrage<\/p>\n\n\n\n<p class=\"has-medium-font-size\">Browsertyp und Browserversion<\/p>\n\n\n\n<p class=\"has-medium-font-size\">Verwendetes Betriebssystem<\/p>\n\n\n\n<p class=\"has-medium-font-size\">Referrer URL<\/p>\n\n\n\n<p class=\"has-medium-font-size\">Hostname des zugreifenden Rechners<\/p>\n\n\n\n<p class=\"has-medium-font-size\">IP-Adresse<\/p>\n\n\n\n<p class=\"has-medium-font-size\">Es findet keine Zusammenf\u00fchrung dieser Daten mit anderen Datenquellen statt. Grundlage der Datenverarbeitung bildet Art. 6 Abs. 1 lit. b DSGVO, der die Verarbeitung von Daten zur Erf\u00fcllung eines Vertrags oder vorvertraglicher Ma\u00dfnahmen gestattet.<\/p>\n\n\n\n<p class=\"has-large-font-size\"><strong>Kontaktformular<\/strong><\/p>\n\n\n\n<p class=\"has-medium-font-size\">Per Kontaktformular \u00fcbermittelte Daten werden einschlie\u00dflich Ihrer Kontaktdaten gespeichert, um Ihre Anfrage bearbeiten zu k\u00f6nnen oder um f\u00fcr Anschlussfragen bereitzustehen. Eine Weitergabe dieser Daten findet ohne Ihre Einwilligung nicht statt.<\/p>\n\n\n\n<p class=\"has-medium-font-size\">Die Verarbeitung der in das Kontaktformular eingegebenen Daten erfolgt ausschlie\u00dflich auf Grundlage Ihrer Einwilligung (Art. 6 Abs. 1 lit. a DSGVO). Ein Widerruf Ihrer bereits erteilten Einwilligung ist jederzeit m\u00f6glich. F\u00fcr den Widerruf gen\u00fcgt eine formlose Mitteilung per E-Mail. Die Rechtm\u00e4\u00dfigkeit der bis zum Widerruf erfolgten Datenverarbeitungsvorg\u00e4nge bleibt vom Widerruf unber\u00fchrt.<\/p>\n\n\n\n<p class=\"has-medium-font-size\">\u00dcber das Kontaktformular \u00fcbermittelte Daten verbleiben bei uns, bis Sie uns zur L\u00f6schung auffordern, Ihre Einwilligung zur Speicherung widerrufen oder keine Notwendigkeit der Datenspeicherung mehr besteht. Zwingende gesetzliche Bestimmungen &#8211; insbesondere Aufbewahrungsfristen &#8211; bleiben unber\u00fchrt.<\/p>\n\n\n\n<p class=\"has-large-font-size\"><strong>Cookies<\/strong><\/p>\n\n\n\n<p class=\"has-medium-font-size\">Unsere Website verwendet Cookies. Das sind kleine Textdateien, die Ihr Webbrowser auf Ihrem Endger\u00e4t speichert. Cookies helfen uns dabei, unser Angebot nutzerfreundlicher, effektiver und sicherer zu machen.<\/p>\n\n\n\n<p class=\"has-medium-font-size\">Einige Cookies sind \u201cSession-Cookies.\u201d Solche Cookies werden nach Ende Ihrer Browser-Sitzung von selbst gel\u00f6scht. Hingegen bleiben andere Cookies auf Ihrem Endger\u00e4t bestehen, bis Sie diese selbst l\u00f6schen. Solche Cookies helfen uns, Sie bei R\u00fcckkehr auf unserer Website wiederzuerkennen.<\/p>\n\n\n\n<p class=\"has-medium-font-size\">Mit einem modernen Webbrowser k\u00f6nnen Sie das Setzen von Cookies \u00fcberwachen, einschr\u00e4nken oder unterbinden. Viele Webbrowser lassen sich so konfigurieren, dass Cookies mit dem Schlie\u00dfen des Programms von selbst gel\u00f6scht werden. Die Deaktivierung von Cookies kann eine eingeschr\u00e4nkte Funktionalit\u00e4t unserer Website zur Folge haben.<\/p>\n\n\n\n<p class=\"has-medium-font-size\">Das Setzen von Cookies, die zur Aus\u00fcbung elektronischer Kommunikationsvorg\u00e4nge oder der Bereitstellung bestimmter, von Ihnen erw\u00fcnschter Funktionen (z.B. Warenkorb) notwendig sind, erfolgt auf Grundlage von Art. 6 Abs. 1 lit. f DSGVO. Als Betreiber dieser Website haben wir ein berechtigtes Interesse an der Speicherung von Cookies zur technisch fehlerfreien und reibungslosen Bereitstellung unserer Dienste. Sofern die Setzung anderer Cookies (z.B. f\u00fcr Analyse-Funktionen) erfolgt, werden diese in dieser Datenschutzerkl\u00e4rung separat behandelt.<\/p>\n\n\n\n<p class=\"has-large-font-size\"><strong>PayPal<\/strong><\/p>\n\n\n\n<p class=\"has-medium-font-size\">Unsere Website erm\u00f6glicht die Bezahlung via PayPal. Anbieter des Bezahldienstes ist die PayPal (Europe) S.\u00e0.r.l. et Cie, S.C.A., 22-24 Boulevard Royal, L-2449 Luxembourg.<\/p>\n\n\n\n<p class=\"has-medium-font-size\">Wenn Sie mit PayPal bezahlen, erfolgt eine \u00dcbermittlung der von Ihnen eingegebenen Zahlungsdaten an PayPal.<\/p>\n\n\n\n<p class=\"has-medium-font-size\">Die \u00dcbermittlung Ihrer Daten an PayPal erfolgt auf Grundlage von Art. 6 Abs. 1 lit. a DSGVO (Einwilligung) und Art. 6 Abs. 1 lit. b DSGVO (Verarbeitung zur Erf\u00fcllung eines Vertrags). Ein Widerruf Ihrer bereits erteilten Einwilligung ist jederzeit m\u00f6glich. In der Vergangenheit liegende Datenverarbeitungsvorg\u00e4nge bleiben bei einem Widerruf wirksam.<\/p>\n<\/div>\n\n\n\n<div class=\"wp-block-column is-layout-flow wp-block-column-is-layout-flow\" style=\"flex-basis:33.33%\"><\/div>\n<\/div>\n<\/div>\n\n\n\n<hr class=\"wp-block-separator has-alpha-channel-opacity\"\/>\n\n\n\n<div class=\"wp-block-cover alignfull footer-section\"><span aria-hidden=\"true\" class=\"wp-block-cover__background has-black-background-color has-background-dim-80 has-background-dim\"><\/span><img loading=\"lazy\" decoding=\"async\" width=\"1920\" height=\"1080\" class=\"wp-block-cover__image-background wp-image-399\" alt=\"\" src=\"https:\/\/industriereifen24.de\/wp-content\/uploads\/2023\/02\/page_bg.jpg\" data-object-fit=\"cover\" srcset=\"https:\/\/www.reifen-meisen.de\/wp-content\/uploads\/2023\/02\/page_bg.jpg 1920w, https:\/\/www.reifen-meisen.de\/wp-content\/uploads\/2023\/02\/page_bg-300x169.jpg 300w, https:\/\/www.reifen-meisen.de\/wp-content\/uploads\/2023\/02\/page_bg-1024x576.jpg 1024w, https:\/\/www.reifen-meisen.de\/wp-content\/uploads\/2023\/02\/page_bg-768x432.jpg 768w, https:\/\/www.reifen-meisen.de\/wp-content\/uploads\/2023\/02\/page_bg-1536x864.jpg 1536w\" sizes=\"auto, (max-width: 1920px) 100vw, 1920px\" \/><div class=\"wp-block-cover__inner-container is-layout-flow wp-block-cover-is-layout-flow\">\n<div class=\"wp-block-group is-layout-flow wp-block-group-is-layout-flow\">\n<div class=\"wp-block-columns is-layout-flex wp-container-core-columns-is-layout-d7d455e7 wp-block-columns-is-layout-flex\" style=\"border-style:none;border-width:0px;padding-top:0;padding-right:0;padding-bottom:0;padding-left:0\">\n<div class=\"wp-block-column footer-box is-layout-flow wp-block-column-is-layout-flow\">\n<div style=\"height:60px\" aria-hidden=\"true\" class=\"wp-block-spacer\"><\/div>\n\n\n\n<p class=\"has-text-align-left has-white-color has-text-color has-link-color has-medium-font-size wp-elements-21feb72bcb24c4db0aa637e19c6cfbbf\"><strong>Telefon:<\/strong> 0212 &#8211; 546660<\/p>\n\n\n\n<p class=\"has-text-align-left has-white-color has-text-color has-link-color has-medium-font-size wp-elements-cabbe455b7cd9808c316237e565b609b\"><strong>Email:<\/strong> werkstatt@reifen-meisen.de<\/p>\n\n\n\n<p class=\"has-text-align-left has-medium-font-size\"><strong>Vor Ort<\/strong>: Schlagbaumer Stra\u00dfe 76-78 &#8211; 42653 Solingen<\/p>\n\n\n\n<p class=\"has-text-align-left has-medium-font-size\">Cronenberger Stra\u00dfe 75-79 &#8211; 42651 Solingen<\/p>\n\n\n\n<div class=\"wp-block-buttons is-layout-flex wp-block-buttons-is-layout-flex\">\n<div class=\"wp-block-button has-custom-font-size has-medium-font-size\"><a class=\"wp-block-button__link wp-element-button\" href=\"https:\/\/www.reifen-meisen.de\/?page_id=134\">Kontaktformular<\/a><\/div>\n<\/div>\n<\/div>\n\n\n\n<div class=\"wp-block-column footer-box is-layout-flow wp-block-column-is-layout-flow\">\n<div style=\"height:60px\" aria-hidden=\"true\" class=\"wp-block-spacer\"><\/div>\n\n\n\n<p class=\"has-text-align-center has-medium-font-size\"><strong>\u00d6ffnungszeiten Schlagbaumer Stra\u00dfe:<\/strong> <\/p>\n\n\n\n<p class=\"has-text-align-center has-medium-font-size\">Mo bis Fr 8:00 &#8211; 17:30 Uhr<\/p>\n\n\n\n<p class=\"has-text-align-center has-medium-font-size\">Samstag 9:00 -13:00 Uhr<\/p>\n\n\n\n<p class=\"has-text-align-center has-medium-font-size\"><strong>\u00d6ffnungszeiten Cronenberger Stra\u00dfe:<\/strong> <\/p>\n\n\n\n<p class=\"has-text-align-center has-medium-font-size\">Mo bis Fr 8:00 &#8211; 17:00 Uhr<\/p>\n<\/div>\n\n\n\n<div class=\"wp-block-column footer-box is-layout-flow wp-block-column-is-layout-flow\">\n<div style=\"height:60px\" aria-hidden=\"true\" class=\"wp-block-spacer\"><\/div>\n\n\n\n<p class=\"has-text-align-right has-white-color has-text-color has-link-color has-medium-font-size wp-elements-bfef6e411afc0c4642b311a1fe30b94b\"><a href=\"https:\/\/www.reifen-meisen.de\/?page_id=119\" data-type=\"page\" data-id=\"119\">Termin vereinbaren<\/a><\/p>\n\n\n\n<p class=\"has-text-align-right has-white-color has-text-color has-link-color has-medium-font-size wp-elements-29f6861b5127c4b2ab24af20ca8ef40b\"><a href=\"https:\/\/www.reifen-meisen.de\/?page_id=134\" data-type=\"page\" data-id=\"134\">Kontakt<\/a><\/p>\n\n\n\n<p class=\"has-text-align-right has-white-color has-text-color has-link-color has-medium-font-size wp-elements-dc8acc1b9244748d2a34e240984d4c4e\"><a href=\"https:\/\/www.reifen-meisen.de\/?page_id=493\" data-type=\"page\" data-id=\"493\">\u00dcber Uns<\/a><\/p>\n\n\n\n<p class=\"has-text-align-right has-white-color has-text-color has-link-color has-medium-font-size wp-elements-abe6f7084ab157f21432205908d31dd0\"><a href=\"https:\/\/www.reifen-meisen.de\/?page_id=3\" data-type=\"page\" data-id=\"3\">Datenschutz<\/a><\/p>\n\n\n\n<p class=\"has-text-align-right has-white-color has-text-color has-link-color has-medium-font-size wp-elements-8bde3cc908ae7a320879ba15cb1aa9e3\"><a href=\"https:\/\/www.reifen-meisen.de\/?page_id=499\" data-type=\"page\" data-id=\"499\">Impressum<\/a><\/p>\n<\/div>\n<\/div>\n<\/div>\n\n\n\n<div class=\"wp-block-columns copyright-section is-layout-flex wp-container-core-columns-is-layout-28f84493 wp-block-columns-is-layout-flex\">\n<div class=\"wp-block-column is-vertically-aligned-center is-layout-flow wp-block-column-is-layout-flow\" style=\"flex-basis:75%\">\n<p class=\"has-small-font-size\">\u00a0\u00a9 Copyright 2023 Reifen und R\u00e4derStore GmbH. All rights reserved. Service-Bilder wurden Designed by Macrovector.<\/p>\n<\/div>\n\n\n\n<div class=\"wp-block-column is-vertically-aligned-center is-layout-flow wp-block-column-is-layout-flow\" style=\"flex-basis:25%\"><\/div>\n<\/div>\n<\/div><\/div>\n","protected":false},"excerpt":{"rendered":"<p>Datenschutzerkl\u00e4rung Allgemeiner Hinweis und Pflichtinformationen Benennung der verantwortlichen Stelle Die verantwortliche Stelle f\u00fcr die Datenverarbeitung [&hellip;]<\/p>\n","protected":false},"author":1,"featured_media":0,"parent":0,"menu_order":0,"comment_status":"closed","ping_status":"open","template":"blank","meta":{"footnotes":""},"class_list":["post-3","page","type-page","status-publish","hentry"],"_links":{"self":[{"href":"https:\/\/www.reifen-meisen.de\/index.php?rest_route=\/wp\/v2\/pages\/3","targetHints":{"allow":["GET"]}}],"collection":[{"href":"https:\/\/www.reifen-meisen.de\/index.php?rest_route=\/wp\/v2\/pages"}],"about":[{"href":"https:\/\/www.reifen-meisen.de\/index.php?rest_route=\/wp\/v2\/types\/page"}],"author":[{"embeddable":true,"href":"https:\/\/www.reifen-meisen.de\/index.php?rest_route=\/wp\/v2\/users\/1"}],"replies":[{"embeddable":true,"href":"https:\/\/www.reifen-meisen.de\/index.php?rest_route=%2Fwp%2Fv2%2Fcomments&post=3"}],"version-history":[{"count":6,"href":"https:\/\/www.reifen-meisen.de\/index.php?rest_route=\/wp\/v2\/pages\/3\/revisions"}],"predecessor-version":[{"id":639,"href":"https:\/\/www.reifen-meisen.de\/index.php?rest_route=\/wp\/v2\/pages\/3\/revisions\/639"}],"wp:attachment":[{"href":"https:\/\/www.reifen-meisen.de\/index.php?rest_route=%2Fwp%2Fv2%2Fmedia&parent=3"}],"curies":[{"name":"wp","href":"https:\/\/api.w.org\/{rel}","templated":true}]}}